{"id":721,"date":"2019-08-23T06:54:47","date_gmt":"2019-08-23T06:54:47","guid":{"rendered":"https:\/\/the7.io\/hotel\/?page_id=721"},"modified":"2025-05-11T13:20:45","modified_gmt":"2025-05-11T11:20:45","slug":"home-2","status":"publish","type":"page","link":"http:\/\/siedliskonadbialka.pl\/","title":{"rendered":"Strona G\u0142\u00f3wna"},"content":{"rendered":"<p>[vc_row content_placement=&#8221;middle&#8221; css=&#8221;.vc_custom_1652131743369{margin-right: 0px !important;margin-left: 0px !important;padding-top: 90px !important;padding-bottom: 90px !important;}&#8221;][vc_column parallax=&#8221;content-moving&#8221; parallax_image=&#8221;2144&#8243; width=&#8221;1\/2&#8243; css=&#8221;.vc_custom_1676196730713{margin-top: -60px !important;margin-right: 0px !important;padding-top: 200px !important;padding-right: 0px !important;padding-bottom: 200px !important;}&#8221;][\/vc_column][vc_column width=&#8221;1\/2&#8243; css=&#8221;.vc_custom_1580473381675{padding-top: 90px !important;padding-right: 12% !important;padding-bottom: 90px !important;padding-left: 12% !important;background-color: #ffffff !important;}&#8221;]<div id=\"ultimate-heading-879569f1e0d87b6a3\" class=\"uvc-heading ult-adjust-bottom-margin ultimate-heading-879569f1e0d87b6a3 uvc-8660  uvc-heading-default-font-sizes\" data-hspacer=\"no_spacer\"  data-halign=\"left\" style=\"text-align:left\"><div class=\"uvc-heading-spacer no_spacer\" style=\"top\"><\/div><div class=\"uvc-main-heading ult-responsive\"  data-ultimate-target='.uvc-heading.ultimate-heading-879569f1e0d87b6a3 h1'  data-responsive-json-new='{\"font-size\":\"\",\"line-height\":\"\"}' ><h1 style=\"--font-weight:theme;margin-bottom:20px;\">Witamy w Siedlisku nad Bia\u0142k\u0105!<\/h1><\/div><\/div>[vc_column_text css=&#8221;.vc_custom_1652131670848{margin-bottom: 30px !important;}&#8221;]O\u015brodek zlokalizowany jest w pi\u0119knym uzdrowiskowym miasteczku w pa\u015bmie G\u00f3r Opawskich w wojew\u00f3dztwie opolskim, gdzie w okolicy zachowa\u0142o si\u0119 wiele zabytk\u00f3w, fortyfikacji czy zamk\u00f3w, kt\u00f3re zach\u0119caj\u0105 do zwiedzania i zg\u0142\u0119biania historii Polski.[\/vc_column_text][\/vc_column][vc_column][\/vc_column][\/vc_row][vc_row content_placement=&#8221;middle&#8221; css=&#8221;.vc_custom_1652131736381{margin-right: 0px !important;margin-left: 0px !important;padding-bottom: 90px !important;}&#8221;][vc_column width=&#8221;1\/2&#8243; css=&#8221;.vc_custom_1580473381675{padding-top: 90px !important;padding-right: 12% !important;padding-bottom: 90px !important;padding-left: 12% !important;background-color: #ffffff !important;}&#8221;]<div id=\"ultimate-heading-352269f1e0d87b6d7\" class=\"uvc-heading ult-adjust-bottom-margin ultimate-heading-352269f1e0d87b6d7 uvc-4084  uvc-heading-default-font-sizes\" data-hspacer=\"no_spacer\"  data-halign=\"left\" style=\"text-align:left\"><div class=\"uvc-heading-spacer no_spacer\" style=\"top\"><\/div><div class=\"uvc-main-heading ult-responsive\"  data-ultimate-target='.uvc-heading.ultimate-heading-352269f1e0d87b6d7 h1'  data-responsive-json-new='{\"font-size\":\"\",\"line-height\":\"\"}' ><h1 style=\"--font-weight:theme;margin-bottom:20px;\">Witamy w Siedlisku nad Bia\u0142k\u0105!<\/h1><\/div><\/div>[vc_column_text css=&#8221;.vc_custom_1652131664470{margin-bottom: 30px !important;}&#8221;]Nasze domki po\u0142o\u017cone s\u0105 w malowniczym miejscu tu\u017c nad rzek\u0105 Bia\u0142\u0105 G\u0142ucholask\u0105 przy lesie obj\u0119tym Obszarem Natura 2000, w kt\u00f3rym znajduj\u0105 si\u0119 liczne piesze szlaki i \u015bcie\u017cki rowerowe. Po przekroczeniu mostu na Bia\u0142ce zaledwie w 15 minut od o\u015brodka dochodzimy do Czech gdzie czeka na nas pyszna kuchnia i mn\u00f3stwo atrakcji.<\/p>\n<p>S\u0105siedztwo g\u00f3r po stronie polskiej jak i czeskiej daje wiele mo\u017cliwo\u015bci do pieszych w\u0119dr\u00f3wek, a dla mi\u0142o\u015bnik\u00f3w dw\u00f3ch k\u00f3\u0142ek i ekstremalnej jazdy czekaj\u0105 Rychlebskie \u015acie\u017cki oddalone od naszego o\u015brodka o zaledwie 25 km.[\/vc_column_text][\/vc_column][vc_column parallax=&#8221;content-moving&#8221; parallax_image=&#8221;2248&#8243; width=&#8221;1\/2&#8243;][\/vc_column][\/vc_row][vc_row css=&#8221;.vc_custom_1568986673274{padding-bottom: 60px !important;}&#8221;][vc_column]<style type=\"text\/css\" data-type=\"the7_shortcodes-inline-css\">.gallery-carousel-shortcode.gallery-carousel-shortcode-id-be7d66fb7b71bfc4ea75cb482b2a407a .owl-nav a {\n  width: 36px;\n  height: 36px;\n  border-radius: 500px;\n}\n.dt-arrow-border-on.gallery-carousel-shortcode.gallery-carousel-shortcode-id-be7d66fb7b71bfc4ea75cb482b2a407a .owl-nav a:not(:hover):before {\n  border-width: 0px;\n}\n.dt-arrow-hover-border-on.gallery-carousel-shortcode.gallery-carousel-shortcode-id-be7d66fb7b71bfc4ea75cb482b2a407a .owl-nav a:hover:after {\n  border-width: 0px;\n}\n.gallery-carousel-shortcode.gallery-carousel-shortcode-id-be7d66fb7b71bfc4ea75cb482b2a407a .owl-nav a.owl-prev {\n  top: 50%;\n  transform: translateY(calc(-50% + 0px));\n  left: -43px;\n}\n@media all and (-ms-high-contrast: none) {\n  .gallery-carousel-shortcode.gallery-carousel-shortcode-id-be7d66fb7b71bfc4ea75cb482b2a407a .owl-nav a.owl-prev {\n    transform: translateY(-50%);\n    margin-top: 0px;\n  }\n}\n.gallery-carousel-shortcode.gallery-carousel-shortcode-id-be7d66fb7b71bfc4ea75cb482b2a407a .owl-nav a.owl-prev i {\n  padding: 0px 0px 0px 0px;\n}\n.gallery-carousel-shortcode.gallery-carousel-shortcode-id-be7d66fb7b71bfc4ea75cb482b2a407a .owl-nav a.owl-next {\n  top: 50%;\n  transform: translateY(calc(-50% + 0px));\n  right: -43px;\n}\n@media all and (-ms-high-contrast: none) {\n  .gallery-carousel-shortcode.gallery-carousel-shortcode-id-be7d66fb7b71bfc4ea75cb482b2a407a .owl-nav a.owl-next {\n    transform: translateY(-50%);\n    margin-top: 0px;\n  }\n}\n.gallery-carousel-shortcode.gallery-carousel-shortcode-id-be7d66fb7b71bfc4ea75cb482b2a407a .owl-nav a.owl-next i {\n  padding: 0px 0px 0px 0px;\n}\n.gallery-carousel-shortcode.gallery-carousel-shortcode-id-be7d66fb7b71bfc4ea75cb482b2a407a .owl-nav i {\n  font-size: 18px;\n}\n.gallery-carousel-shortcode.gallery-carousel-shortcode-id-be7d66fb7b71bfc4ea75cb482b2a407a .owl-nav a:not(:hover) i,\n.gallery-carousel-shortcode.gallery-carousel-shortcode-id-be7d66fb7b71bfc4ea75cb482b2a407a .owl-nav a:not(:hover) i:before {\n  color: #ffffff;\n  background: none;\n}\n.gallery-carousel-shortcode.gallery-carousel-shortcode-id-be7d66fb7b71bfc4ea75cb482b2a407a .owl-nav a:hover i,\n.gallery-carousel-shortcode.gallery-carousel-shortcode-id-be7d66fb7b71bfc4ea75cb482b2a407a .owl-nav a:hover i:before {\n  color: rgba(255,255,255,0.75);\n  background: none;\n}\n.gallery-carousel-shortcode.gallery-carousel-shortcode-id-be7d66fb7b71bfc4ea75cb482b2a407a .owl-dots {\n  top: calc(100% + 20px);\n  left: 50%;\n  transform: translateX(calc(-50% + 0px));\n}\n@media all and (-ms-high-contrast: none) {\n  .gallery-carousel-shortcode.gallery-carousel-shortcode-id-be7d66fb7b71bfc4ea75cb482b2a407a .owl-dots {\n    transform: translateX(-50%);\n    margin-left: 0px;\n  }\n}\n.gallery-carousel-shortcode.gallery-carousel-shortcode-id-be7d66fb7b71bfc4ea75cb482b2a407a .owl-dot {\n  width: 10px;\n  height: 10px;\n  margin: 0 8px;\n}\n@media screen and (max-width: 778px) {\n  .gallery-carousel-shortcode.gallery-carousel-shortcode-id-be7d66fb7b71bfc4ea75cb482b2a407a.hide-arrows .owl-nav a {\n    display: none;\n  }\n}\n@media screen and (max-width: 778px) {\n  .gallery-carousel-shortcode.gallery-carousel-shortcode-id-be7d66fb7b71bfc4ea75cb482b2a407a.reposition-arrows .owl-nav .owl-prev {\n    top: 50%;\n    transform: translateY(calc(-50% + 0px));\n    left: 10px;\n  }\n  .gallery-carousel-shortcode.gallery-carousel-shortcode-id-be7d66fb7b71bfc4ea75cb482b2a407a.reposition-arrows .owl-nav .owl-next {\n    top: 50%;\n    transform: translateY(calc(-50% + 0px));\n    right: 10px;\n  }\n}\n@media screen and (max-width: 778px) and all and (-ms-high-contrast: none) {\n  .gallery-carousel-shortcode.gallery-carousel-shortcode-id-be7d66fb7b71bfc4ea75cb482b2a407a.reposition-arrows .owl-nav .owl-prev {\n    transform: translateY(-50%);\n    margin-top: 0px;\n  }\n}\n@media screen and (max-width: 778px) and all and (-ms-high-contrast: none) {\n  .gallery-carousel-shortcode.gallery-carousel-shortcode-id-be7d66fb7b71bfc4ea75cb482b2a407a.reposition-arrows .owl-nav .owl-next {\n    transform: translateY(-50%);\n    margin-top: 0px;\n  }\n}\n.gallery-carousel-shortcode.gallery-carousel-shortcode-id-be7d66fb7b71bfc4ea75cb482b2a407a figure,\n.gallery-carousel-shortcode.gallery-carousel-shortcode-id-be7d66fb7b71bfc4ea75cb482b2a407a .rollover,\n.gallery-carousel-shortcode.gallery-carousel-shortcode-id-be7d66fb7b71bfc4ea75cb482b2a407a img,\n.gallery-carousel-shortcode.gallery-carousel-shortcode-id-be7d66fb7b71bfc4ea75cb482b2a407a .gallery-rollover {\n  border-radius: 0px;\n}\n.gallery-carousel-shortcode.gallery-carousel-shortcode-id-be7d66fb7b71bfc4ea75cb482b2a407a.enable-bg-rollover .gallery-rollover {\n  background: -webkit-linear-gradient();\n  background: linear-gradient();\n}\n.gallery-carousel-shortcode.gallery-carousel-shortcode-id-be7d66fb7b71bfc4ea75cb482b2a407a.enable-img-shadow figure {\n  box-shadow: 0px 4px 12px 3px rgba(0,0,0,0.25);\n}\n.gallery-carousel-shortcode.gallery-carousel-shortcode-id-be7d66fb7b71bfc4ea75cb482b2a407a.enable-img-shadow .owl-stage-outer {\n  padding: 14px 0;\n}\n.gallery-carousel-shortcode.gallery-carousel-shortcode-id-be7d66fb7b71bfc4ea75cb482b2a407a.enable-bg-rollover.hover-scale figure .rollover:after {\n  background: -webkit-linear-gradient();\n  background: linear-gradient();\n}\n.gallery-carousel-shortcode.gallery-carousel-shortcode-id-be7d66fb7b71bfc4ea75cb482b2a407a.gallery-shortcode .gallery-zoom-ico {\n  width: 44px;\n  height: 44px;\n  line-height: 44px;\n  border-radius: 100px;\n  margin: -22px 0 0 -22px;\n  border-width: 0px;\n}\n.dt-icon-bg-on.gallery-carousel-shortcode.gallery-carousel-shortcode-id-be7d66fb7b71bfc4ea75cb482b2a407a.gallery-shortcode .gallery-zoom-ico {\n  background: rgba(255,255,255,0.3);\n  box-shadow: none;\n}\n.gallery-carousel-shortcode.gallery-carousel-shortcode-id-be7d66fb7b71bfc4ea75cb482b2a407a.gallery-shortcode .gallery-zoom-ico:before,\n.gallery-carousel-shortcode.gallery-carousel-shortcode-id-be7d66fb7b71bfc4ea75cb482b2a407a.gallery-shortcode .gallery-zoom-ico span {\n  font-size: 32px;\n  line-height: 44px;\n  color: #ffffff;\n  background: none;\n}\n<\/style><div class=\"owl-carousel gallery-carousel-shortcode gallery-shortcode  dt-gallery-container dt-owl-carousel-call gallery-carousel-shortcode-id-be7d66fb7b71bfc4ea75cb482b2a407a quick-scale-img enable-bg-rollover meta-info-off dt-arrow-border-on dt-arrow-hover-border-on enable-img-shadow bullets-small-dot-stroke reposition-arrows dt-icon-bg-off arrows-bg-on disable-arrows-hover-bg arrows-hover-bg-on  hover-fade \" data-scroll-mode=\"1\" data-col-num=\"3\" data-wide-col-num=\"3\" data-laptop-col=\"3\" data-h-tablet-columns-num=\"3\" data-v-tablet-columns-num=\"3\" data-phone-columns-num=\"1\" data-col-gap=\"10\" data-stage-padding=\"0\" data-speed=\"600\" data-autoplay=\"false\" data-autoplay_speed=\"6000\" data-arrows=\"true\" data-bullet=\"false\" data-next-icon=\"icon-ar-017-r\" data-prev-icon=\"icon-ar-017-l\" data-img-shadow-size=\"12px\" data-img-shadow-spread=\"3px\"><div data-post-id=\"2249\" data-date=\"2025-05-11T13:15:46+02:00\" data-name=\"Zdj\u0119cie WhatsApp 2025-05-08 o 07.15.30_1a076b19\"><figure class=\"post\"><a href=\"http:\/\/siedliskonadbialka.pl\/wp-content\/uploads\/2025\/05\/Zdjecie-WhatsApp-2025-05-08-o-07.15.30_1a076b19-1.jpg\" class=\"rollover dt-pswp-item layzr-bg\" data-large_image_width=\"2048\" data-large_image_height=\"1536\" data-dt-img-description=\"\" title=\"Zdj\u0119cie WhatsApp 2025-05-08 o 07.15.30_1a076b19\"><img loading=\"lazy\" decoding=\"async\" class=\"preload-me owl-lazy-load\" src=\"data:image\/svg+xml,%3Csvg%20xmlns%3D&#39;http%3A%2F%2Fwww.w3.org%2F2000%2Fsvg&#39;%20viewBox%3D&#39;0%200%202048%201536&#39;%2F%3E\" data-src=\"http:\/\/siedliskonadbialka.pl\/wp-content\/uploads\/2025\/05\/Zdjecie-WhatsApp-2025-05-08-o-07.15.30_1a076b19-1.jpg\" data-srcset=\"http:\/\/siedliskonadbialka.pl\/wp-content\/uploads\/2025\/05\/Zdjecie-WhatsApp-2025-05-08-o-07.15.30_1a076b19-1.jpg 2048w\" alt=\"\" width=\"2048\" height=\"1536\"  \/><span class=\"gallery-rollover\"><span class=\"gallery-zoom-ico icomoon-the7-font-the7-zoom-06\"><span><\/span><\/span><\/span><\/a><\/figure><\/div><div data-post-id=\"2248\" data-date=\"2025-05-11T13:15:16+02:00\" data-name=\"Zdj\u0119cie WhatsApp 2025-05-08 o 07.15.26_0ccb6a73\"><figure class=\"post\"><a href=\"http:\/\/siedliskonadbialka.pl\/wp-content\/uploads\/2025\/05\/Zdjecie-WhatsApp-2025-05-08-o-07.15.26_0ccb6a73.jpg\" class=\"rollover dt-pswp-item layzr-bg\" data-large_image_width=\"1736\" data-large_image_height=\"2048\" data-dt-img-description=\"\" title=\"Zdj\u0119cie WhatsApp 2025-05-08 o 07.15.26_0ccb6a73\"><img loading=\"lazy\" decoding=\"async\" class=\"preload-me owl-lazy-load\" src=\"data:image\/svg+xml,%3Csvg%20xmlns%3D&#39;http%3A%2F%2Fwww.w3.org%2F2000%2Fsvg&#39;%20viewBox%3D&#39;0%200%201736%201302&#39;%2F%3E\" data-src=\"http:\/\/siedliskonadbialka.pl\/wp-content\/uploads\/2025\/05\/Zdjecie-WhatsApp-2025-05-08-o-07.15.26_0ccb6a73-1736x1302.jpg\" data-srcset=\"http:\/\/siedliskonadbialka.pl\/wp-content\/uploads\/2025\/05\/Zdjecie-WhatsApp-2025-05-08-o-07.15.26_0ccb6a73-1736x1302.jpg 1736w\" alt=\"\" width=\"1736\" height=\"1302\"  \/><span class=\"gallery-rollover\"><span class=\"gallery-zoom-ico icomoon-the7-font-the7-zoom-06\"><span><\/span><\/span><\/span><\/a><\/figure><\/div><div data-post-id=\"2242\" data-date=\"2025-05-11T13:05:35+02:00\" data-name=\"Zdj\u0119cie WhatsApp 2025-05-08 o 07.15.30_3401b4b4\"><figure class=\"post\"><a href=\"http:\/\/siedliskonadbialka.pl\/wp-content\/uploads\/2025\/05\/Zdjecie-WhatsApp-2025-05-08-o-07.15.30_3401b4b4.jpg\" class=\"rollover dt-pswp-item layzr-bg\" data-large_image_width=\"2048\" data-large_image_height=\"1536\" data-dt-img-description=\"\" title=\"Zdj\u0119cie WhatsApp 2025-05-08 o 07.15.30_3401b4b4\"><img loading=\"lazy\" decoding=\"async\" class=\"preload-me owl-lazy-load\" src=\"data:image\/svg+xml,%3Csvg%20xmlns%3D&#39;http%3A%2F%2Fwww.w3.org%2F2000%2Fsvg&#39;%20viewBox%3D&#39;0%200%202048%201536&#39;%2F%3E\" data-src=\"http:\/\/siedliskonadbialka.pl\/wp-content\/uploads\/2025\/05\/Zdjecie-WhatsApp-2025-05-08-o-07.15.30_3401b4b4.jpg\" data-srcset=\"http:\/\/siedliskonadbialka.pl\/wp-content\/uploads\/2025\/05\/Zdjecie-WhatsApp-2025-05-08-o-07.15.30_3401b4b4.jpg 2048w\" alt=\"\" width=\"2048\" height=\"1536\"  \/><span class=\"gallery-rollover\"><span class=\"gallery-zoom-ico icomoon-the7-font-the7-zoom-06\"><span><\/span><\/span><\/span><\/a><\/figure><\/div><div data-post-id=\"2241\" data-date=\"2025-05-11T13:05:33+02:00\" data-name=\"Zdj\u0119cie WhatsApp 2025-05-08 o 07.15.30_1a076b19\"><figure class=\"post\"><a href=\"http:\/\/siedliskonadbialka.pl\/wp-content\/uploads\/2025\/05\/Zdjecie-WhatsApp-2025-05-08-o-07.15.30_1a076b19.jpg\" class=\"rollover dt-pswp-item layzr-bg\" data-large_image_width=\"2048\" data-large_image_height=\"1536\" data-dt-img-description=\"\" title=\"Zdj\u0119cie WhatsApp 2025-05-08 o 07.15.30_1a076b19\"><img loading=\"lazy\" decoding=\"async\" class=\"preload-me owl-lazy-load\" src=\"data:image\/svg+xml,%3Csvg%20xmlns%3D&#39;http%3A%2F%2Fwww.w3.org%2F2000%2Fsvg&#39;%20viewBox%3D&#39;0%200%202048%201536&#39;%2F%3E\" data-src=\"http:\/\/siedliskonadbialka.pl\/wp-content\/uploads\/2025\/05\/Zdjecie-WhatsApp-2025-05-08-o-07.15.30_1a076b19.jpg\" data-srcset=\"http:\/\/siedliskonadbialka.pl\/wp-content\/uploads\/2025\/05\/Zdjecie-WhatsApp-2025-05-08-o-07.15.30_1a076b19.jpg 2048w\" alt=\"\" width=\"2048\" height=\"1536\"  \/><span class=\"gallery-rollover\"><span class=\"gallery-zoom-ico icomoon-the7-font-the7-zoom-06\"><span><\/span><\/span><\/span><\/a><\/figure><\/div><div data-post-id=\"2240\" data-date=\"2025-05-11T13:05:31+02:00\" data-name=\"Zdj\u0119cie WhatsApp 2025-05-08 o 07.15.30_0a4d3808\"><figure class=\"post\"><a href=\"http:\/\/siedliskonadbialka.pl\/wp-content\/uploads\/2025\/05\/Zdjecie-WhatsApp-2025-05-08-o-07.15.30_0a4d3808.jpg\" class=\"rollover dt-pswp-item layzr-bg\" data-large_image_width=\"2048\" data-large_image_height=\"1536\" data-dt-img-description=\"\" title=\"Zdj\u0119cie WhatsApp 2025-05-08 o 07.15.30_0a4d3808\"><img loading=\"lazy\" decoding=\"async\" class=\"preload-me owl-lazy-load\" src=\"data:image\/svg+xml,%3Csvg%20xmlns%3D&#39;http%3A%2F%2Fwww.w3.org%2F2000%2Fsvg&#39;%20viewBox%3D&#39;0%200%202048%201536&#39;%2F%3E\" data-src=\"http:\/\/siedliskonadbialka.pl\/wp-content\/uploads\/2025\/05\/Zdjecie-WhatsApp-2025-05-08-o-07.15.30_0a4d3808.jpg\" data-srcset=\"http:\/\/siedliskonadbialka.pl\/wp-content\/uploads\/2025\/05\/Zdjecie-WhatsApp-2025-05-08-o-07.15.30_0a4d3808.jpg 2048w\" alt=\"\" width=\"2048\" height=\"1536\"  \/><span class=\"gallery-rollover\"><span class=\"gallery-zoom-ico icomoon-the7-font-the7-zoom-06\"><span><\/span><\/span><\/span><\/a><\/figure><\/div><div data-post-id=\"2239\" data-date=\"2025-05-11T13:05:29+02:00\" data-name=\"Zdj\u0119cie WhatsApp 2025-05-08 o 07.15.26_c3af53dd\"><figure class=\"post\"><a href=\"http:\/\/siedliskonadbialka.pl\/wp-content\/uploads\/2025\/05\/Zdjecie-WhatsApp-2025-05-08-o-07.15.26_c3af53dd.jpg\" class=\"rollover dt-pswp-item layzr-bg\" data-large_image_width=\"2048\" data-large_image_height=\"1536\" data-dt-img-description=\"\" title=\"Zdj\u0119cie WhatsApp 2025-05-08 o 07.15.26_c3af53dd\"><img loading=\"lazy\" decoding=\"async\" class=\"preload-me owl-lazy-load\" src=\"data:image\/svg+xml,%3Csvg%20xmlns%3D&#39;http%3A%2F%2Fwww.w3.org%2F2000%2Fsvg&#39;%20viewBox%3D&#39;0%200%202048%201536&#39;%2F%3E\" data-src=\"http:\/\/siedliskonadbialka.pl\/wp-content\/uploads\/2025\/05\/Zdjecie-WhatsApp-2025-05-08-o-07.15.26_c3af53dd.jpg\" data-srcset=\"http:\/\/siedliskonadbialka.pl\/wp-content\/uploads\/2025\/05\/Zdjecie-WhatsApp-2025-05-08-o-07.15.26_c3af53dd.jpg 2048w\" alt=\"\" width=\"2048\" height=\"1536\"  \/><span class=\"gallery-rollover\"><span class=\"gallery-zoom-ico icomoon-the7-font-the7-zoom-06\"><span><\/span><\/span><\/span><\/a><\/figure><\/div><\/div>[\/vc_column][\/vc_row]<\/p>\n","protected":false},"excerpt":{"rendered":"<p>[vc_row content_placement=&#8221;middle&#8221; css=&#8221;.vc_custom_1652131743369{margin-right: 0px !important;margin-left: 0px !important;padding-top: 90px !important;padding-bottom: 90px !important;}&#8221;][vc_column parallax=&#8221;content-moving&#8221; parallax_image=&#8221;2144&#8243; width=&#8221;1\/2&#8243; css=&#8221;.vc_custom_1676196730713{margin-top: -60px !important;margin-right: 0px !important;padding-top: 200px !important;padding-right: 0px !important;padding-bottom: 200px !important;}&#8221;][\/vc_column][vc_column width=&#8221;1\/2&#8243; css=&#8221;.vc_custom_1580473381675{padding-top: 90px !important;padding-right: 12% !important;padding-bottom: 90px !important;padding-left: 12% !important;background-color: #ffffff !important;}&#8221;][vc_column_text css=&#8221;.vc_custom_1652131670848{margin-bottom: 30px !important;}&#8221;]O\u015brodek zlokalizowany jest w pi\u0119knym uzdrowiskowym miasteczku w pa\u015bmie G\u00f3r Opawskich w wojew\u00f3dztwie opolskim, gdzie w&hellip;<\/p>\n","protected":false},"author":1,"featured_media":0,"parent":0,"menu_order":0,"comment_status":"closed","ping_status":"closed","template":"","meta":{"give_campaign_id":0,"footnotes":""},"class_list":["post-721","page","type-page","status-publish","hentry","description-off"],"campaignId":"","_links":{"self":[{"href":"http:\/\/siedliskonadbialka.pl\/index.php\/wp-json\/wp\/v2\/pages\/721","targetHints":{"allow":["GET"]}}],"collection":[{"href":"http:\/\/siedliskonadbialka.pl\/index.php\/wp-json\/wp\/v2\/pages"}],"about":[{"href":"http:\/\/siedliskonadbialka.pl\/index.php\/wp-json\/wp\/v2\/types\/page"}],"author":[{"embeddable":true,"href":"http:\/\/siedliskonadbialka.pl\/index.php\/wp-json\/wp\/v2\/users\/1"}],"replies":[{"embeddable":true,"href":"http:\/\/siedliskonadbialka.pl\/index.php\/wp-json\/wp\/v2\/comments?post=721"}],"version-history":[{"count":27,"href":"http:\/\/siedliskonadbialka.pl\/index.php\/wp-json\/wp\/v2\/pages\/721\/revisions"}],"predecessor-version":[{"id":2252,"href":"http:\/\/siedliskonadbialka.pl\/index.php\/wp-json\/wp\/v2\/pages\/721\/revisions\/2252"}],"wp:attachment":[{"href":"http:\/\/siedliskonadbialka.pl\/index.php\/wp-json\/wp\/v2\/media?parent=721"}],"curies":[{"name":"wp","href":"https:\/\/api.w.org\/{rel}","templated":true}]}}