{"id":53,"date":"2019-06-23T05:58:58","date_gmt":"2019-06-23T05:58:58","guid":{"rendered":"https:\/\/the7.io\/hotel\/?page_id=53"},"modified":"2024-01-09T21:32:37","modified_gmt":"2024-01-09T20:32:37","slug":"regulamin","status":"publish","type":"page","link":"http:\/\/siedliskonadbialka.pl\/index.php\/regulamin\/","title":{"rendered":"Regulamin"},"content":{"rendered":"<p>[vc_row bg_type=&#8221;bg_color&#8221; bg_color_value=&#8221;#ffffff&#8221;][vc_column][vc_column_text]<\/p>\n<h2>ZASADY I REGULAMIN O\u015aRODKA &#8222;SIEDLISKO NAD BIA\u0141K\u0104&#8221;<\/h2>\n<p>Minimalny czas wynajmu domku to dwie doby.<\/p>\n<p>B\u0119dziemy wdzi\u0119czni za przestrzeganie zasad zawartych w poni\u017cszym Regulaminie o\u015brodka, kt\u00f3ry ma s\u0142u\u017cy\u0107 zapewnieniu spokoju i bezpiecze\u0144stwa naszych go\u015bci.<\/p>\n<p>Rezerwacji pobytu mo\u017cna dokona\u0107 tylko telefonicznie pod numerami:<\/p>\n<p><strong>Agata +48600076321<\/strong><\/p>\n<p><strong>Dawid +48605516084<\/strong><\/p>\n<p>W celu unikni\u0119cia niejasno\u015bci rezerwacje nie b\u0119d\u0105 prowadzone przez Facebooka.<\/p>\n<p>Potwierdzeniem rezerwacji jest wp\u0142ata zadatku w wysoko\u015bci 30% warto\u015bci ca\u0142ego pobytu do 3 dni roboczych od dnia dokonania rezerwacji. Wp\u0142ata zadatku stanowi jednocze\u015bnie akceptacj\u0119 regulaminu. Pozosta\u0142a kwota nale\u017cno\u015bci uiszczana jest w dniu przyjazdu.<\/p>\n<p>Je\u017celi za pobyt ma by\u0107 wystawiona faktura VAT prosimy o przekazanie tej informacji przy wp\u0142acie zadatku.<\/p>\n<p><strong>Numer Konta:<\/strong><\/p>\n<p><strong>21 1050 1490 1000 0092 1821 4949<\/strong><\/p>\n<p><strong>Dav-Pias Dawid Szpularz<\/strong><\/p>\n<p><strong>Z\u0142otog\u0142owice 141<\/strong><\/p>\n<p><strong>48-300 Nysa<\/strong><\/p>\n<p>Zadatek jest bezzwrotny. Jedyna sytuacja gdy jest zwracany w ca\u0142o\u015bci to wtedy, gdy nie dojdzie do realizacji us\u0142ugi z winy obiektu.<\/p>\n<p>Na pocz\u0105tku pobytu pobierana jest r\u00f3wnie\u017c obowi\u0105zkowa kaucja zwrotna w wysoko\u015bci 500 z\u0142.<\/p>\n<p>Kwota za ca\u0142y pobyt regulowana jest w dniu przyjazdu. P\u0142atno\u015b\u0107 przyjmowana jest got\u00f3wk\u0105 lub przelewem, nie obs\u0142ugujemy p\u0142atno\u015bci kart\u0105.<\/p>\n<p><strong>Doba rozpoczyna si\u0119 o godz. 15:00 a ko\u0144czy o godz. 11:00.<\/strong><\/p>\n<p>Je\u015bli zdecyduj\u0105 si\u0119 Pa\u0144stwo na przerwanie pobytu wcze\u015bniej, nie przys\u0142uguje Pa\u0144stwu zwrot zap\u0142aconej kwoty ani obni\u017cenie ceny us\u0142ugi za niewykorzystany okres.<\/p>\n<p>Go\u015b\u0107 zobowi\u0105zany jest do przestrzegania porz\u0105dku obowi\u0105zuj\u0105cego na terenie i u\u017cytkowania ich zgodnie z przeznaczeniem (ro\u015bliny, sprz\u0119t).<\/p>\n<p>Go\u015bcie maj\u0105 obowi\u0105zek \u015bcis\u0142ego przestrzegania przepis\u00f3w i zasad przeciwpo\u017carowych.<\/p>\n<p>Poza okresem grzewczym obowi\u0105zuje bezwzgl\u0119dny zakaz palenia w kominku oraz zapalania \u015bwiec w domku.<\/p>\n<p><strong>W domkach obowi\u0105zuje bezwzgl\u0119dny zakaz palenia tytoniu oraz e-papieros\u00f3w.<\/strong><\/p>\n<p>Palenie tytoniu mo\u017cliwe tylko na otwartym powietrzu. W przypadku z\u0142amania zakazu palenia w domu, pobieramy op\u0142at\u0119 w wysoko\u015bci 1000 z\u0142 (sprz\u0105tanie, czyszczenie, pranie) oraz koszty wezwania stra\u017cy po\u017carnej.<\/p>\n<p>Osoby niezameldowane w Siedlisku nad Bia\u0142k\u0105 mog\u0105 przebywa\u0107 na terenie domu wy\u0142\u0105cznie za wcze\u015bniejsz\u0105 zgod\u0105 gospodarzy.<\/p>\n<p>Prosimy o nie zak\u0142\u00f3canie spokojnego pobytu innym go\u015bciom a tak\u017ce s\u0105siad\u00f3w Siedliska nad Bia\u0142k\u0105 oraz przestrzeganie ciszy nocnej w godzinach 22.00-07.00.<\/p>\n<p>W przypadku opuszczania domu prosimy o wy\u0142\u0105czenie urz\u0105dze\u0144 pobieraj\u0105cych pr\u0105d elektryczny (o\u015bwietlenie, telewizory), zakr\u0119ceniu wody oraz zamkni\u0119ciu drzwi wej\u015bciowych na klucz.<\/p>\n<p>Parking mieszcz\u0105cy si\u0119 na terenie Siedliska nad Bia\u0142k\u0105 jest bezp\u0142atny, niestrze\u017cony.<\/p>\n<p>Pobyt zwierz\u0105t wewn\u0105trz domu jest zabroniony.<\/p>\n<p>Nie ponosimy odpowiedzialno\u015bci z tytu\u0142u utraty lub uszkodzenia mienia go\u015bci.<\/p>\n<p>Prosimy o utrzymywanie oraz zwrot domku w stanie zastanym, co obejmuje w szczeg\u00f3lno\u015bci pozostawienie umytych naczy\u0144, wyrzucenia resztek jedzenia.<\/p>\n<p>Prosimy nie pozostawia\u0107 dzieci bez nadzoru w domkach i na terenie ca\u0142ego obiektu.<\/p>\n<p>Go\u015bcie Siedliska nad Bia\u0142k\u0105 proszeni s\u0105 o nie chodzenie po domu w butach, a w szczeg\u00f3lno\u015bci w butach na wysokim obcasie, butach narciarskich.<\/p>\n<p>Go\u015bcie Siedliska nad Bia\u0142k\u0105 ponosz\u0105 odpowiedzialno\u015b\u0107 materialn\u0105 za wszelkie uszkodzenia, zagubienie lub zniszczenie przedmiot\u00f3w wchodz\u0105cego w sk\u0142ad wyposa\u017cenia i urz\u0105dze\u0144 technicznych powsta\u0142ych z jego winy lub z winy odwiedzaj\u0105cych go os\u00f3b. O wyst\u0105pieniu szkody go\u015bcie zobowi\u0105zani s\u0105 zg\u0142osi\u0107 gospodarzom niezw\u0142ocznie po jej stwierdzeniu.<\/p>\n<p>Za szkody wyrz\u0105dzone przez dzieci odpowiadaj\u0105 ich opiekunowie.<\/p>\n<p>Gospodarze Siedliska nad Bia\u0142k\u0105 nie ponosz\u0105 odpowiedzialno\u015bci za przej\u015bciowe niedogodno\u015bci wyst\u0119puj\u0105ce z czasowym brakiem pr\u0105du, wody lub telewizji zwi\u0105zane z problemami g\u0142\u00f3wnego dostawcy medi\u00f3w.<\/p>\n<p>Gospodarze Siedliska nad Bia\u0142k\u0105 zastrzegaj\u0105 sobie prawo do odmowy dalszego \u015bwiadczenia us\u0142ug osobom pod wp\u0142ywem alkoholu lub \u015brodk\u00f3w odurzaj\u0105cych, zachowuj\u0105cych si\u0119 agresywnie, a tak\u017ce w przypadku drastycznego naruszenia regulaminu przez go\u015bci, bez zwrotu dokonanych wcze\u015bniej op\u0142at.<\/p>\n<p>Regulamin Siedliska nad Bia\u0142k\u0105 podaje si\u0119 go\u015bciom do wiadomo\u015bci poprzez zamieszczenie na Facebooku oraz w drodze indywidualnego zapoznania si\u0119 przez go\u015bcia.<\/p>\n<p>Dzi\u0119kujemy za przestrzeganie wy\u017cej wymienionych zalece\u0144. Mamy nadziej\u0119, \u017ce b\u0119dziecie Pa\u0144stwo zadowoleni z pobytu w naszym o\u015brodku.<\/p>\n<p>\u017byczymy mi\u0142ego wypoczynku i zapraszamy do ponownego odwiedzenia Siedliska nad Bia\u0142k\u0105.[\/vc_column_text][\/vc_column][\/vc_row]<\/p>\n","protected":false},"excerpt":{"rendered":"<p>[vc_row bg_type=&#8221;bg_color&#8221; bg_color_value=&#8221;#ffffff&#8221;][vc_column][vc_column_text] ZASADY I REGULAMIN O\u015aRODKA &#8222;SIEDLISKO NAD BIA\u0141K\u0104&#8221; Minimalny czas wynajmu domku to dwie doby. B\u0119dziemy wdzi\u0119czni za przestrzeganie zasad zawartych w poni\u017cszym Regulaminie o\u015brodka, kt\u00f3ry ma s\u0142u\u017cy\u0107 zapewnieniu spokoju i bezpiecze\u0144stwa naszych go\u015bci. Rezerwacji pobytu mo\u017cna dokona\u0107 tylko telefonicznie pod numerami: Agata +48600076321 Dawid +48605516084 W celu unikni\u0119cia niejasno\u015bci rezerwacje nie b\u0119d\u0105&hellip;<\/p>\n","protected":false},"author":1,"featured_media":0,"parent":0,"menu_order":0,"comment_status":"closed","ping_status":"closed","template":"","meta":{"give_campaign_id":0,"footnotes":""},"class_list":["post-53","page","type-page","status-publish","hentry","description-off"],"campaignId":"","_links":{"self":[{"href":"http:\/\/siedliskonadbialka.pl\/index.php\/wp-json\/wp\/v2\/pages\/53","targetHints":{"allow":["GET"]}}],"collection":[{"href":"http:\/\/siedliskonadbialka.pl\/index.php\/wp-json\/wp\/v2\/pages"}],"about":[{"href":"http:\/\/siedliskonadbialka.pl\/index.php\/wp-json\/wp\/v2\/types\/page"}],"author":[{"embeddable":true,"href":"http:\/\/siedliskonadbialka.pl\/index.php\/wp-json\/wp\/v2\/users\/1"}],"replies":[{"embeddable":true,"href":"http:\/\/siedliskonadbialka.pl\/index.php\/wp-json\/wp\/v2\/comments?post=53"}],"version-history":[{"count":9,"href":"http:\/\/siedliskonadbialka.pl\/index.php\/wp-json\/wp\/v2\/pages\/53\/revisions"}],"predecessor-version":[{"id":2189,"href":"http:\/\/siedliskonadbialka.pl\/index.php\/wp-json\/wp\/v2\/pages\/53\/revisions\/2189"}],"wp:attachment":[{"href":"http:\/\/siedliskonadbialka.pl\/index.php\/wp-json\/wp\/v2\/media?parent=53"}],"curies":[{"name":"wp","href":"https:\/\/api.w.org\/{rel}","templated":true}]}}