{"id":2216,"date":"2025-05-11T13:15:59","date_gmt":"2025-05-11T11:15:59","guid":{"rendered":"https:\/\/siedliskonadbialka.pl\/?page_id=2216"},"modified":"2025-05-11T13:16:26","modified_gmt":"2025-05-11T11:16:26","slug":"oferta","status":"publish","type":"page","link":"http:\/\/siedliskonadbialka.pl\/index.php\/oferta\/","title":{"rendered":"Oferta"},"content":{"rendered":"<p>[vc_row content_placement=&#8221;middle&#8221; css_animation=&#8221;slideInRight&#8221; css=&#8221;.vc_custom_1652129520744{margin-right: 0px !important;margin-left: 0px !important;padding-bottom: 80px !important;}&#8221;][vc_column width=&#8221;1\/2&#8243; css=&#8221;.vc_custom_1565094314911{padding-top: 140px !important;padding-right: 80px !important;padding-bottom: 130px !important;padding-left: 80px !important;background-color: #ffffff !important;}&#8221;]<div id=\"ultimate-heading-40869f1f6a3cb3ed\" class=\"uvc-heading ult-adjust-bottom-margin ultimate-heading-40869f1f6a3cb3ed uvc-9529  uvc-heading-default-font-sizes\" data-hspacer=\"no_spacer\"  data-halign=\"left\" style=\"text-align:left\"><div class=\"uvc-heading-spacer no_spacer\" style=\"top\"><\/div><div class=\"uvc-sub-heading ult-responsive\"  data-ultimate-target='.uvc-heading.ultimate-heading-40869f1f6a3cb3ed .uvc-sub-heading '  data-responsive-json-new='{\"font-size\":\"\",\"line-height\":\"\"}'  style=\"font-weight:normal;\"><strong>Na skutek powodzi we wrze\u015bniu 2024r ucierpia\u0142 nasz o\u015brodek.<\/strong><br \/>\n<strong>Na chwil\u0119 obecn\u0105 oferujemy pobyt w jednym domku.<\/strong><br \/>\n<strong>O zmianach b\u0119dziemy informowa\u0107 na bie\u017c\u0105co.<\/strong><br \/>\n<strong>W razie pyta\u0144 prosimy o kontakt telefoniczny pod numerem telefonu 600 076 321.<\/strong><\/div><\/div>[\/vc_column][vc_column parallax=&#8221;content-moving&#8221; parallax_image=&#8221;2249&#8243; css_animation=&#8221;slideInLeft&#8221; width=&#8221;1\/2&#8243; css=&#8221;.vc_custom_1746962150551{margin-top: -60px !important;margin-right: 0px !important;padding-top: 200px !important;padding-right: 0px !important;padding-bottom: 200px !important;}&#8221;][\/vc_column][\/vc_row][vc_row content_placement=&#8221;middle&#8221; css_animation=&#8221;slideInRight&#8221; css=&#8221;.vc_custom_1652129520744{margin-right: 0px !important;margin-left: 0px !important;padding-bottom: 80px !important;}&#8221;][vc_column parallax=&#8221;content-moving&#8221; parallax_image=&#8221;2248&#8243; css_animation=&#8221;slideInLeft&#8221; width=&#8221;1\/2&#8243; css=&#8221;.vc_custom_1746962129913{margin-top: -60px !important;margin-right: 0px !important;padding-top: 200px !important;padding-right: 0px !important;padding-bottom: 200px !important;}&#8221;][\/vc_column][vc_column width=&#8221;1\/2&#8243; css=&#8221;.vc_custom_1565094314911{padding-top: 140px !important;padding-right: 80px !important;padding-bottom: 130px !important;padding-left: 80px !important;background-color: #ffffff !important;}&#8221;]<div id=\"ultimate-heading-937169f1f6a3cb41a\" class=\"uvc-heading ult-adjust-bottom-margin ultimate-heading-937169f1f6a3cb41a uvc-9467  uvc-heading-default-font-sizes\" data-hspacer=\"no_spacer\"  data-halign=\"left\" style=\"text-align:left\"><div class=\"uvc-heading-spacer no_spacer\" style=\"top\"><\/div><div class=\"uvc-sub-heading ult-responsive\"  data-ultimate-target='.uvc-heading.ultimate-heading-937169f1f6a3cb41a .uvc-sub-heading '  data-responsive-json-new='{\"font-size\":\"\",\"line-height\":\"\"}'  style=\"font-weight:normal;\"><\/p>\n<p style=\"text-align: center;\"><strong>Pole namiotowe<\/strong><\/p>\n<p>Cena za osob\u0119 za dob\u0119 <strong>15z\u0142.<\/strong><\/p>\n<p>Namiot ma\u0142y do dw\u00f3ch os\u00f3b <strong>25z\u0142 za dob\u0119<\/strong><\/p>\n<p>Namiot trzyosobowy <strong>30zl za dob\u0119<\/strong><\/p>\n<p>Namiot wi\u0119kszy ni\u017c trzyosobowy<strong> 35z\u0142 za dob\u0119<\/strong><\/p>\n<p>Przyczepa campingowa <strong>40z\u0142 za dob\u0119<\/strong><\/p>\n<p>Plus ka\u017cda osoba <strong>15z\u0142.za dob\u0119<\/strong><\/p>\n<p>Pod\u0142\u0105czenie do pr\u0105du <strong>15z\u0142 za dob\u0119<\/strong>.<\/p>\n<p><strong>Zapewniamy toi toi i dost\u0119p do rynny\u00a0z\u00a0zimn\u0105\u00a0wod\u0105.<\/strong><\/p>\n<p><\/div><\/div>[\/vc_column][\/vc_row][vc_row][vc_column][vc_row_inner][vc_column_inner width=&#8221;1\/3&#8243; css=&#8221;.vc_custom_1568730434816{margin-bottom: 30px !important;}&#8221;]<style type=\"text\/css\" data-type=\"the7_shortcodes-inline-css\">.dt-shortcode-icon.icon-cc27a3dc5ea4dab9d0c0471754eef96f {\n  min-width: 64px;\n  min-height: 64px;\n  font-size: 62px;\n  border-radius: 100px;\n}\n.dt-shortcode-icon.icon-cc27a3dc5ea4dab9d0c0471754eef96f:last-child {\n  margin-right: 0;\n}\n.dt-shortcode-icon.icon-cc27a3dc5ea4dab9d0c0471754eef96f .icon-inner {\n  margin: 0px;\n  min-width: 64px;\n  min-height: 64px;\n  border-radius: 100px;\n}\n.dt-shortcode-icon.icon-cc27a3dc5ea4dab9d0c0471754eef96f .dt-hover-icon {\n  line-height: 64px;\n}\n.dt-shortcode-icon.icon-cc27a3dc5ea4dab9d0c0471754eef96f:before,\n.dt-shortcode-icon.icon-cc27a3dc5ea4dab9d0c0471754eef96f:after,\n.dt-shortcode-icon.icon-cc27a3dc5ea4dab9d0c0471754eef96f .icon-inner:before,\n.dt-shortcode-icon.icon-cc27a3dc5ea4dab9d0c0471754eef96f .icon-inner:after {\n  min-width: 100%;\n  min-height: 100%;\n  padding: inherit;\n  border-radius: inherit;\n}\n.dt-shortcode-icon.icon-cc27a3dc5ea4dab9d0c0471754eef96f.dt-icon-border-on:before {\n  border-width: 0px;\n  border-style: solid;\n}\n.dt-icon-border-dashed.dt-shortcode-icon.icon-cc27a3dc5ea4dab9d0c0471754eef96f.dt-icon-border-on:before {\n  border-style: dashed;\n}\n.dt-icon-border-dotted.dt-shortcode-icon.icon-cc27a3dc5ea4dab9d0c0471754eef96f.dt-icon-border-on:before {\n  border-style: dotted;\n}\n.dt-icon-border-double.dt-shortcode-icon.icon-cc27a3dc5ea4dab9d0c0471754eef96f.dt-icon-border-on:before {\n  border-style: double;\n}\n.dt-shortcode-icon.icon-cc27a3dc5ea4dab9d0c0471754eef96f.dt-icon-hover-border-on:after {\n  border-width: 0px;\n  border-style: solid;\n}\n.dt-icon-border-dashed.dt-shortcode-icon.icon-cc27a3dc5ea4dab9d0c0471754eef96f.dt-icon-hover-border-on:after {\n  border-style: dashed;\n}\n.dt-icon-border-dotted.dt-shortcode-icon.icon-cc27a3dc5ea4dab9d0c0471754eef96f.dt-icon-hover-border-on:after {\n  border-style: dotted;\n}\n.dt-icon-border-double.dt-shortcode-icon.icon-cc27a3dc5ea4dab9d0c0471754eef96f.dt-icon-hover-border-on:after {\n  border-style: double;\n}\n.dt-shortcode-icon.icon-cc27a3dc5ea4dab9d0c0471754eef96f.dt-icon-hover-on:hover {\n  font-size: 62px;\n}\n#page .dt-shortcode-icon.icon-cc27a3dc5ea4dab9d0c0471754eef96f.dt-icon-hover-on:hover .soc-font-icon,\n#phantom .dt-shortcode-icon.icon-cc27a3dc5ea4dab9d0c0471754eef96f.dt-icon-hover-on:hover .soc-font-icon,\n#page .dt-shortcode-icon.icon-cc27a3dc5ea4dab9d0c0471754eef96f.dt-icon-hover-on:hover .soc-icon,\n#phantom .dt-shortcode-icon.icon-cc27a3dc5ea4dab9d0c0471754eef96f.dt-icon-hover-on:hover .soc-icon {\n  color: rgba(255,255,255,0.75);\n  background: none;\n}\n#page .dt-shortcode-icon.icon-cc27a3dc5ea4dab9d0c0471754eef96f.dt-icon-hover-on:not(:hover) .soc-font-icon,\n#phantom .dt-shortcode-icon.icon-cc27a3dc5ea4dab9d0c0471754eef96f.dt-icon-hover-on:not(:hover) .soc-font-icon,\n#page .dt-shortcode-icon.icon-cc27a3dc5ea4dab9d0c0471754eef96f.dt-icon-hover-on:not(:hover) .soc-icon,\n#phantom .dt-shortcode-icon.icon-cc27a3dc5ea4dab9d0c0471754eef96f.dt-icon-hover-on:not(:hover) .soc-icon,\n#page .dt-shortcode-icon.icon-cc27a3dc5ea4dab9d0c0471754eef96f.dt-icon-hover-off .soc-font-icon,\n#phantom .dt-shortcode-icon.icon-cc27a3dc5ea4dab9d0c0471754eef96f.dt-icon-hover-off .soc-font-icon,\n#page .dt-shortcode-icon.icon-cc27a3dc5ea4dab9d0c0471754eef96f.dt-icon-hover-off .soc-icon,\n#phantom .dt-shortcode-icon.icon-cc27a3dc5ea4dab9d0c0471754eef96f.dt-icon-hover-off .soc-icon {\n  color: #205038;\n  background: none;\n}\n.dt-shortcode-icon.icon-cc27a3dc5ea4dab9d0c0471754eef96f .soc-font-icon,\n.dt-shortcode-icon.icon-cc27a3dc5ea4dab9d0c0471754eef96f .soc-icon {\n  font-size: 62px;\n}\n<\/style><div class=\"dt-shortcode-icon-wrap dt-icon-center \"><span  class=\"anchor-link fas fa-praying-hands icon-cc27a3dc5ea4dab9d0c0471754eef96f dt-shortcode-icon dt-icon-bg-off dt-icon-hover-border-on dt-icon-hover-off dt-icon-hover-bg-on  vc_custom_1652128663026 \" ><span class=\"icon-inner\"><i class=\"dt-regular-icon soc-icon fas fa-praying-hands\"><\/i><i class=\"dt-hover-icon soc-icon fas fa-praying-hands\"><\/i><span class=\"screen-reader-text\"><\/span><\/span><\/span><\/div><div id=\"ultimate-heading-971369f1f6a3cb516\" class=\"uvc-heading ult-adjust-bottom-margin ultimate-heading-971369f1f6a3cb516 uvc-9060  uvc-heading-default-font-sizes\" data-hspacer=\"no_spacer\"  data-halign=\"center\" style=\"text-align:center\"><div class=\"uvc-heading-spacer no_spacer\" style=\"top\"><\/div><div class=\"uvc-main-heading ult-responsive\"  data-ultimate-target='.uvc-heading.ultimate-heading-971369f1f6a3cb516 h5'  data-responsive-json-new='{\"font-size\":\"\",\"line-height\":\"\"}' ><h5 style=\"--font-weight:theme;margin-bottom:20px;\">Przyjazna atmosfera<\/h5><\/div><\/div>[\/vc_column_inner][vc_column_inner width=&#8221;1\/3&#8243; css=&#8221;.vc_custom_1568730455369{margin-bottom: 30px !important;}&#8221;]<style type=\"text\/css\" data-type=\"the7_shortcodes-inline-css\">.dt-shortcode-icon.icon-05bc34ea77e9ee378e564273394d7a72 {\n  min-width: 64px;\n  min-height: 64px;\n  font-size: 62px;\n  border-radius: 100px;\n}\n.dt-shortcode-icon.icon-05bc34ea77e9ee378e564273394d7a72:last-child {\n  margin-right: 0;\n}\n.dt-shortcode-icon.icon-05bc34ea77e9ee378e564273394d7a72 .icon-inner {\n  margin: 0px;\n  min-width: 64px;\n  min-height: 64px;\n  border-radius: 100px;\n}\n.dt-shortcode-icon.icon-05bc34ea77e9ee378e564273394d7a72 .dt-hover-icon {\n  line-height: 64px;\n}\n.dt-shortcode-icon.icon-05bc34ea77e9ee378e564273394d7a72:before,\n.dt-shortcode-icon.icon-05bc34ea77e9ee378e564273394d7a72:after,\n.dt-shortcode-icon.icon-05bc34ea77e9ee378e564273394d7a72 .icon-inner:before,\n.dt-shortcode-icon.icon-05bc34ea77e9ee378e564273394d7a72 .icon-inner:after {\n  min-width: 100%;\n  min-height: 100%;\n  padding: inherit;\n  border-radius: inherit;\n}\n.dt-shortcode-icon.icon-05bc34ea77e9ee378e564273394d7a72.dt-icon-border-on:before {\n  border-width: 0px;\n  border-style: solid;\n}\n.dt-icon-border-dashed.dt-shortcode-icon.icon-05bc34ea77e9ee378e564273394d7a72.dt-icon-border-on:before {\n  border-style: dashed;\n}\n.dt-icon-border-dotted.dt-shortcode-icon.icon-05bc34ea77e9ee378e564273394d7a72.dt-icon-border-on:before {\n  border-style: dotted;\n}\n.dt-icon-border-double.dt-shortcode-icon.icon-05bc34ea77e9ee378e564273394d7a72.dt-icon-border-on:before {\n  border-style: double;\n}\n.dt-shortcode-icon.icon-05bc34ea77e9ee378e564273394d7a72.dt-icon-hover-border-on:after {\n  border-width: 0px;\n  border-style: solid;\n}\n.dt-icon-border-dashed.dt-shortcode-icon.icon-05bc34ea77e9ee378e564273394d7a72.dt-icon-hover-border-on:after {\n  border-style: dashed;\n}\n.dt-icon-border-dotted.dt-shortcode-icon.icon-05bc34ea77e9ee378e564273394d7a72.dt-icon-hover-border-on:after {\n  border-style: dotted;\n}\n.dt-icon-border-double.dt-shortcode-icon.icon-05bc34ea77e9ee378e564273394d7a72.dt-icon-hover-border-on:after {\n  border-style: double;\n}\n.dt-shortcode-icon.icon-05bc34ea77e9ee378e564273394d7a72.dt-icon-hover-on:hover {\n  font-size: 62px;\n}\n#page .dt-shortcode-icon.icon-05bc34ea77e9ee378e564273394d7a72.dt-icon-hover-on:hover .soc-font-icon,\n#phantom .dt-shortcode-icon.icon-05bc34ea77e9ee378e564273394d7a72.dt-icon-hover-on:hover .soc-font-icon,\n#page .dt-shortcode-icon.icon-05bc34ea77e9ee378e564273394d7a72.dt-icon-hover-on:hover .soc-icon,\n#phantom .dt-shortcode-icon.icon-05bc34ea77e9ee378e564273394d7a72.dt-icon-hover-on:hover .soc-icon {\n  color: rgba(255,255,255,0.75);\n  background: none;\n}\n#page .dt-shortcode-icon.icon-05bc34ea77e9ee378e564273394d7a72.dt-icon-hover-on:not(:hover) .soc-font-icon,\n#phantom .dt-shortcode-icon.icon-05bc34ea77e9ee378e564273394d7a72.dt-icon-hover-on:not(:hover) .soc-font-icon,\n#page .dt-shortcode-icon.icon-05bc34ea77e9ee378e564273394d7a72.dt-icon-hover-on:not(:hover) .soc-icon,\n#phantom .dt-shortcode-icon.icon-05bc34ea77e9ee378e564273394d7a72.dt-icon-hover-on:not(:hover) .soc-icon,\n#page .dt-shortcode-icon.icon-05bc34ea77e9ee378e564273394d7a72.dt-icon-hover-off .soc-font-icon,\n#phantom .dt-shortcode-icon.icon-05bc34ea77e9ee378e564273394d7a72.dt-icon-hover-off .soc-font-icon,\n#page .dt-shortcode-icon.icon-05bc34ea77e9ee378e564273394d7a72.dt-icon-hover-off .soc-icon,\n#phantom .dt-shortcode-icon.icon-05bc34ea77e9ee378e564273394d7a72.dt-icon-hover-off .soc-icon {\n  color: #205038;\n  background: none;\n}\n.dt-shortcode-icon.icon-05bc34ea77e9ee378e564273394d7a72 .soc-font-icon,\n.dt-shortcode-icon.icon-05bc34ea77e9ee378e564273394d7a72 .soc-icon {\n  font-size: 62px;\n}\n<\/style><div class=\"dt-shortcode-icon-wrap dt-icon-center \"><span  class=\"anchor-link fas fa-home icon-05bc34ea77e9ee378e564273394d7a72 dt-shortcode-icon dt-icon-bg-off dt-icon-hover-border-on dt-icon-hover-off dt-icon-hover-bg-on  vc_custom_1652128675554 \" ><span class=\"icon-inner\"><i class=\"dt-regular-icon soc-icon fas fa-home\"><\/i><i class=\"dt-hover-icon soc-icon fas fa-home\"><\/i><span class=\"screen-reader-text\"><\/span><\/span><\/span><\/div><div id=\"ultimate-heading-253169f1f6a3cb58b\" class=\"uvc-heading ult-adjust-bottom-margin ultimate-heading-253169f1f6a3cb58b uvc-2071  uvc-heading-default-font-sizes\" data-hspacer=\"no_spacer\"  data-halign=\"center\" style=\"text-align:center\"><div class=\"uvc-heading-spacer no_spacer\" style=\"top\"><\/div><div class=\"uvc-main-heading ult-responsive\"  data-ultimate-target='.uvc-heading.ultimate-heading-253169f1f6a3cb58b h5'  data-responsive-json-new='{\"font-size\":\"\",\"line-height\":\"\"}' ><h5 style=\"--font-weight:theme;margin-bottom:20px;\">Nowoczesny styl<\/h5><\/div><\/div>[\/vc_column_inner][vc_column_inner width=&#8221;1\/3&#8243; css=&#8221;.vc_custom_1568730472841{margin-bottom: 30px !important;}&#8221;]<style type=\"text\/css\" data-type=\"the7_shortcodes-inline-css\">.dt-shortcode-icon.icon-3ffa711ea045b2eed5b65e5dadf38b4a {\n  min-width: 64px;\n  min-height: 64px;\n  font-size: 62px;\n  border-radius: 100px;\n}\n.dt-shortcode-icon.icon-3ffa711ea045b2eed5b65e5dadf38b4a:last-child {\n  margin-right: 0;\n}\n.dt-shortcode-icon.icon-3ffa711ea045b2eed5b65e5dadf38b4a .icon-inner {\n  margin: 0px;\n  min-width: 64px;\n  min-height: 64px;\n  border-radius: 100px;\n}\n.dt-shortcode-icon.icon-3ffa711ea045b2eed5b65e5dadf38b4a .dt-hover-icon {\n  line-height: 64px;\n}\n.dt-shortcode-icon.icon-3ffa711ea045b2eed5b65e5dadf38b4a:before,\n.dt-shortcode-icon.icon-3ffa711ea045b2eed5b65e5dadf38b4a:after,\n.dt-shortcode-icon.icon-3ffa711ea045b2eed5b65e5dadf38b4a .icon-inner:before,\n.dt-shortcode-icon.icon-3ffa711ea045b2eed5b65e5dadf38b4a .icon-inner:after {\n  min-width: 100%;\n  min-height: 100%;\n  padding: inherit;\n  border-radius: inherit;\n}\n.dt-shortcode-icon.icon-3ffa711ea045b2eed5b65e5dadf38b4a.dt-icon-border-on:before {\n  border-width: 0px;\n  border-style: solid;\n}\n.dt-icon-border-dashed.dt-shortcode-icon.icon-3ffa711ea045b2eed5b65e5dadf38b4a.dt-icon-border-on:before {\n  border-style: dashed;\n}\n.dt-icon-border-dotted.dt-shortcode-icon.icon-3ffa711ea045b2eed5b65e5dadf38b4a.dt-icon-border-on:before {\n  border-style: dotted;\n}\n.dt-icon-border-double.dt-shortcode-icon.icon-3ffa711ea045b2eed5b65e5dadf38b4a.dt-icon-border-on:before {\n  border-style: double;\n}\n.dt-shortcode-icon.icon-3ffa711ea045b2eed5b65e5dadf38b4a.dt-icon-hover-border-on:after {\n  border-width: 0px;\n  border-style: solid;\n}\n.dt-icon-border-dashed.dt-shortcode-icon.icon-3ffa711ea045b2eed5b65e5dadf38b4a.dt-icon-hover-border-on:after {\n  border-style: dashed;\n}\n.dt-icon-border-dotted.dt-shortcode-icon.icon-3ffa711ea045b2eed5b65e5dadf38b4a.dt-icon-hover-border-on:after {\n  border-style: dotted;\n}\n.dt-icon-border-double.dt-shortcode-icon.icon-3ffa711ea045b2eed5b65e5dadf38b4a.dt-icon-hover-border-on:after {\n  border-style: double;\n}\n.dt-shortcode-icon.icon-3ffa711ea045b2eed5b65e5dadf38b4a.dt-icon-hover-on:hover {\n  font-size: 62px;\n}\n#page .dt-shortcode-icon.icon-3ffa711ea045b2eed5b65e5dadf38b4a.dt-icon-hover-on:hover .soc-font-icon,\n#phantom .dt-shortcode-icon.icon-3ffa711ea045b2eed5b65e5dadf38b4a.dt-icon-hover-on:hover .soc-font-icon,\n#page .dt-shortcode-icon.icon-3ffa711ea045b2eed5b65e5dadf38b4a.dt-icon-hover-on:hover .soc-icon,\n#phantom .dt-shortcode-icon.icon-3ffa711ea045b2eed5b65e5dadf38b4a.dt-icon-hover-on:hover .soc-icon {\n  color: rgba(255,255,255,0.75);\n  background: none;\n}\n#page .dt-shortcode-icon.icon-3ffa711ea045b2eed5b65e5dadf38b4a.dt-icon-hover-on:not(:hover) .soc-font-icon,\n#phantom .dt-shortcode-icon.icon-3ffa711ea045b2eed5b65e5dadf38b4a.dt-icon-hover-on:not(:hover) .soc-font-icon,\n#page .dt-shortcode-icon.icon-3ffa711ea045b2eed5b65e5dadf38b4a.dt-icon-hover-on:not(:hover) .soc-icon,\n#phantom .dt-shortcode-icon.icon-3ffa711ea045b2eed5b65e5dadf38b4a.dt-icon-hover-on:not(:hover) .soc-icon,\n#page .dt-shortcode-icon.icon-3ffa711ea045b2eed5b65e5dadf38b4a.dt-icon-hover-off .soc-font-icon,\n#phantom .dt-shortcode-icon.icon-3ffa711ea045b2eed5b65e5dadf38b4a.dt-icon-hover-off .soc-font-icon,\n#page .dt-shortcode-icon.icon-3ffa711ea045b2eed5b65e5dadf38b4a.dt-icon-hover-off .soc-icon,\n#phantom .dt-shortcode-icon.icon-3ffa711ea045b2eed5b65e5dadf38b4a.dt-icon-hover-off .soc-icon {\n  color: #205038;\n  background: none;\n}\n.dt-shortcode-icon.icon-3ffa711ea045b2eed5b65e5dadf38b4a .soc-font-icon,\n.dt-shortcode-icon.icon-3ffa711ea045b2eed5b65e5dadf38b4a .soc-icon {\n  font-size: 62px;\n}\n<\/style><div class=\"dt-shortcode-icon-wrap dt-icon-center \"><span  class=\"anchor-link fas fa-wifi icon-3ffa711ea045b2eed5b65e5dadf38b4a dt-shortcode-icon dt-icon-bg-off dt-icon-hover-border-on dt-icon-hover-off dt-icon-hover-bg-on  vc_custom_1652128706015 \" ><span class=\"icon-inner\"><i class=\"dt-regular-icon soc-icon fas fa-wifi\"><\/i><i class=\"dt-hover-icon soc-icon fas fa-wifi\"><\/i><span class=\"screen-reader-text\"><\/span><\/span><\/span><\/div><div id=\"ultimate-heading-657669f1f6a3cb5ea\" class=\"uvc-heading ult-adjust-bottom-margin ultimate-heading-657669f1f6a3cb5ea uvc-9082  uvc-heading-default-font-sizes\" data-hspacer=\"no_spacer\"  data-halign=\"center\" style=\"text-align:center\"><div class=\"uvc-heading-spacer no_spacer\" style=\"top\"><\/div><div class=\"uvc-main-heading ult-responsive\"  data-ultimate-target='.uvc-heading.ultimate-heading-657669f1f6a3cb5ea h5'  data-responsive-json-new='{\"font-size\":\"\",\"line-height\":\"\"}' ><h5 style=\"--font-weight:theme;margin-bottom:20px;\">Darmowe wi-fi<\/h5><\/div><\/div>[\/vc_column_inner][\/vc_row_inner][\/vc_column][\/vc_row][vc_row][\/vc_row][vc_row][vc_column width=&#8221;1\/2&#8243;]<div class=\"aio-icon-component    style_2\"><div id=\"Info-box-wrap-3366\" class=\"aio-icon-box left-icon\" style=\"\"  ><div class=\"aio-icon-left\"><div class=\"ult-just-icon-wrapper  \"><div class=\"align-icon\" style=\"text-align:center;\">\n<div class=\"aio-icon circle \" data-animation=\"pulse\" data-animation-delay=\"03\" style=\"color:#ffffff;background:#205038;font-size:32px;display:inline-block;\">\n\t<i class=\"fas fa-deaf\"><\/i>\n<\/div><\/div><\/div><\/div><div class=\"aio-ibd-block\"><div class=\"aio-icon-description ult-responsive\"  data-ultimate-target='#Info-box-wrap-3366 .aio-icon-description'  data-responsive-json-new='{\"font-size\":\"\",\"line-height\":\"\"}'  style=\"\">Ka\u017cdy nasz domek do wynaj\u0119cia jest doskona\u0142\u0105 baz\u0105 wypadow\u0105 oraz miejscem do wypoczynku z dala od wielkomiejskiego zgie\u0142ku i ha\u0142asu, w otoczeniu urokliwych krajobraz\u00f3w gdzie spokoju dope\u0142nia szum rzeki oraz odg\u0142osy natury s\u0142yszane przez okno.<\/div> <!-- description --><\/div> <!-- aio-ibd-block --><\/div> <!-- aio-icon-box --><\/div> <!-- aio-icon-component --><div class=\"aio-icon-component    style_2\"><div id=\"Info-box-wrap-9906\" class=\"aio-icon-box left-icon\" style=\"\"  ><div class=\"aio-icon-left\"><div class=\"ult-just-icon-wrapper  \"><div class=\"align-icon\" style=\"text-align:center;\">\n<div class=\"aio-icon circle \" data-animation=\"pulse\" data-animation-delay=\"03\" style=\"color:#ffffff;background:#205038;font-size:32px;display:inline-block;\">\n\t<i class=\"fas fa-wheelchair\"><\/i>\n<\/div><\/div><\/div><\/div><div class=\"aio-ibd-block\"><div class=\"aio-icon-description ult-responsive\"  data-ultimate-target='#Info-box-wrap-9906 .aio-icon-description'  data-responsive-json-new='{\"font-size\":\"\",\"line-height\":\"\"}'  style=\"\">Domki przystosowane s\u0105 do przyj\u0119cia os\u00f3b z niepe\u0142nosprawno\u015bciami poruszaj\u0105cymi si\u0119 na w\u00f3zkach<\/div> <!-- description --><\/div> <!-- aio-ibd-block --><\/div> <!-- aio-icon-box --><\/div> <!-- aio-icon-component -->[\/vc_column][vc_column width=&#8221;1\/2&#8243;]<div class=\"aio-icon-component    style_2\"><div id=\"Info-box-wrap-5940\" class=\"aio-icon-box left-icon\" style=\"\"  ><div class=\"aio-icon-left\"><div class=\"ult-just-icon-wrapper  \"><div class=\"align-icon\" style=\"text-align:center;\">\n<div class=\"aio-icon circle \" data-animation=\"pulse\" data-animation-delay=\"03\" style=\"color:#ffffff;background:#205038;font-size:32px;display:inline-block;\">\n\t<i class=\"fas fa-fire\"><\/i>\n<\/div><\/div><\/div><\/div><div class=\"aio-ibd-block\"><div class=\"aio-icon-description ult-responsive\"  data-ultimate-target='#Info-box-wrap-5940 .aio-icon-description'  data-responsive-json-new='{\"font-size\":\"\",\"line-height\":\"\"}'  style=\"\">W domkach panuje ciep\u0142y i przytulny klimat charakterystyczny dla domk\u00f3w wykonanych z drewna, a dodatkowego uroku dodaje kominek, kt\u00f3ry znajduje si\u0119 w salonie.<\/div> <!-- description --><\/div> <!-- aio-ibd-block --><\/div> <!-- aio-icon-box --><\/div> <!-- aio-icon-component --><div class=\"aio-icon-component    style_2\"><div id=\"Info-box-wrap-9162\" class=\"aio-icon-box left-icon\" style=\"\"  ><div class=\"aio-icon-left\"><div class=\"ult-just-icon-wrapper  \"><div class=\"align-icon\" style=\"text-align:center;\">\n<div class=\"aio-icon circle \" data-animation=\"pulse\" data-animation-delay=\"03\" style=\"color:#ffffff;background:#205038;font-size:32px;display:inline-block;\">\n\t<i class=\"fas fa-users\"><\/i>\n<\/div><\/div><\/div><\/div><div class=\"aio-ibd-block\"><div class=\"aio-icon-description ult-responsive\"  data-ultimate-target='#Info-box-wrap-9162 .aio-icon-description'  data-responsive-json-new='{\"font-size\":\"\",\"line-height\":\"\"}'  style=\"\">Domki pomieszcz\u0105 od 6 do maksymalnie 8 os\u00f3b<\/div> <!-- description --><\/div> <!-- aio-ibd-block --><\/div> <!-- aio-icon-box --><\/div> <!-- aio-icon-component -->[\/vc_column][\/vc_row]<\/p>\n","protected":false},"excerpt":{"rendered":"<p>[vc_row content_placement=&#8221;middle&#8221; css_animation=&#8221;slideInRight&#8221; css=&#8221;.vc_custom_1652129520744{margin-right: 0px !important;margin-left: 0px !important;padding-bottom: 80px !important;}&#8221;][vc_column width=&#8221;1\/2&#8243; css=&#8221;.vc_custom_1565094314911{padding-top: 140px !important;padding-right: 80px !important;padding-bottom: 130px !important;padding-left: 80px !important;background-color: #ffffff !important;}&#8221;][\/vc_column][vc_column parallax=&#8221;content-moving&#8221; parallax_image=&#8221;2249&#8243; css_animation=&#8221;slideInLeft&#8221; width=&#8221;1\/2&#8243; css=&#8221;.vc_custom_1746962150551{margin-top: -60px !important;margin-right: 0px !important;padding-top: 200px !important;padding-right: 0px !important;padding-bottom: 200px !important;}&#8221;][\/vc_column][\/vc_row][vc_row content_placement=&#8221;middle&#8221; css_animation=&#8221;slideInRight&#8221; css=&#8221;.vc_custom_1652129520744{margin-right: 0px !important;margin-left: 0px !important;padding-bottom: 80px !important;}&#8221;][vc_column parallax=&#8221;content-moving&#8221; parallax_image=&#8221;2248&#8243; css_animation=&#8221;slideInLeft&#8221; width=&#8221;1\/2&#8243; css=&#8221;.vc_custom_1746962129913{margin-top: -60px !important;margin-right: 0px !important;padding-top:&hellip;<\/p>\n","protected":false},"author":1,"featured_media":0,"parent":0,"menu_order":0,"comment_status":"closed","ping_status":"closed","template":"","meta":{"give_campaign_id":0,"footnotes":""},"class_list":["post-2216","page","type-page","status-publish","hentry","description-off"],"campaignId":"","_links":{"self":[{"href":"http:\/\/siedliskonadbialka.pl\/index.php\/wp-json\/wp\/v2\/pages\/2216","targetHints":{"allow":["GET"]}}],"collection":[{"href":"http:\/\/siedliskonadbialka.pl\/index.php\/wp-json\/wp\/v2\/pages"}],"about":[{"href":"http:\/\/siedliskonadbialka.pl\/index.php\/wp-json\/wp\/v2\/types\/page"}],"author":[{"embeddable":true,"href":"http:\/\/siedliskonadbialka.pl\/index.php\/wp-json\/wp\/v2\/users\/1"}],"replies":[{"embeddable":true,"href":"http:\/\/siedliskonadbialka.pl\/index.php\/wp-json\/wp\/v2\/comments?post=2216"}],"version-history":[{"count":2,"href":"http:\/\/siedliskonadbialka.pl\/index.php\/wp-json\/wp\/v2\/pages\/2216\/revisions"}],"predecessor-version":[{"id":2251,"href":"http:\/\/siedliskonadbialka.pl\/index.php\/wp-json\/wp\/v2\/pages\/2216\/revisions\/2251"}],"wp:attachment":[{"href":"http:\/\/siedliskonadbialka.pl\/index.php\/wp-json\/wp\/v2\/media?parent=2216"}],"curies":[{"name":"wp","href":"https:\/\/api.w.org\/{rel}","templated":true}]}}