{"id":2118,"date":"2023-01-24T11:04:48","date_gmt":"2023-01-24T10:04:48","guid":{"rendered":"https:\/\/siedliskonadbialka.pl\/?page_id=2118"},"modified":"2023-01-24T11:23:04","modified_gmt":"2023-01-24T10:23:04","slug":"strona-testowa","status":"publish","type":"page","link":"http:\/\/siedliskonadbialka.pl\/index.php\/strona-testowa\/","title":{"rendered":"Strona testowa"},"content":{"rendered":"<h2>Dodaj tu sw\u00f3j tekst nag\u0142\u00f3wka<\/h2>\n<p>\t\t\t\t\t\t\t\t\t\t\t\t\t\t\t<img decoding=\"async\" width=\"1024\" height=\"576\" src=\"http:\/\/siedliskonadbialka.pl\/wp-content\/uploads\/2022\/05\/DA393391-D6B5-4558-9FDC-094ABF6E8D19-everglow-1024x576.jpeg\" alt=\"\" loading=\"lazy\" srcset=\"https:\/\/siedliskonadbialka.pl\/wp-content\/uploads\/2022\/05\/DA393391-D6B5-4558-9FDC-094ABF6E8D19-everglow-1024x576.jpeg 1024w, https:\/\/siedliskonadbialka.pl\/wp-content\/uploads\/2022\/05\/DA393391-D6B5-4558-9FDC-094ABF6E8D19-everglow-300x169.jpeg 300w, https:\/\/siedliskonadbialka.pl\/wp-content\/uploads\/2022\/05\/DA393391-D6B5-4558-9FDC-094ABF6E8D19-everglow-768x432.jpeg 768w, https:\/\/siedliskonadbialka.pl\/wp-content\/uploads\/2022\/05\/DA393391-D6B5-4558-9FDC-094ABF6E8D19-everglow-1536x864.jpeg 1536w, https:\/\/siedliskonadbialka.pl\/wp-content\/uploads\/2022\/05\/DA393391-D6B5-4558-9FDC-094ABF6E8D19-everglow.jpeg 1920w\" sizes=\"auto, (max-width: 1024px) 100vw, 1024px\" \/><br \/>\n\t\t\t<a href=\"#\" role=\"button\"><br \/>\n\t\t\t\t\t\tKliknij tutaj<br \/>\n\t\t\t\t\t<\/a><\/p>\n","protected":false},"excerpt":{"rendered":"<p>Dodaj tu sw\u00f3j tekst nag\u0142\u00f3wka Kliknij tutaj<\/p>\n","protected":false},"author":1,"featured_media":0,"parent":0,"menu_order":0,"comment_status":"closed","ping_status":"closed","template":"","meta":{"give_campaign_id":0,"footnotes":""},"class_list":["post-2118","page","type-page","status-publish","hentry","description-off"],"campaignId":"","_links":{"self":[{"href":"http:\/\/siedliskonadbialka.pl\/index.php\/wp-json\/wp\/v2\/pages\/2118","targetHints":{"allow":["GET"]}}],"collection":[{"href":"http:\/\/siedliskonadbialka.pl\/index.php\/wp-json\/wp\/v2\/pages"}],"about":[{"href":"http:\/\/siedliskonadbialka.pl\/index.php\/wp-json\/wp\/v2\/types\/page"}],"author":[{"embeddable":true,"href":"http:\/\/siedliskonadbialka.pl\/index.php\/wp-json\/wp\/v2\/users\/1"}],"replies":[{"embeddable":true,"href":"http:\/\/siedliskonadbialka.pl\/index.php\/wp-json\/wp\/v2\/comments?post=2118"}],"version-history":[{"count":9,"href":"http:\/\/siedliskonadbialka.pl\/index.php\/wp-json\/wp\/v2\/pages\/2118\/revisions"}],"predecessor-version":[{"id":2134,"href":"http:\/\/siedliskonadbialka.pl\/index.php\/wp-json\/wp\/v2\/pages\/2118\/revisions\/2134"}],"wp:attachment":[{"href":"http:\/\/siedliskonadbialka.pl\/index.php\/wp-json\/wp\/v2\/media?parent=2118"}],"curies":[{"name":"wp","href":"https:\/\/api.w.org\/{rel}","templated":true}]}}