{"id":2103,"date":"2022-05-12T19:33:07","date_gmt":"2022-05-12T17:33:07","guid":{"rendered":"http:\/\/siedliskonadbialka.pl\/?page_id=2103"},"modified":"2023-02-06T22:10:08","modified_gmt":"2023-02-06T21:10:08","slug":"opinie","status":"publish","type":"page","link":"http:\/\/siedliskonadbialka.pl\/index.php\/opinie\/","title":{"rendered":"Opinie"},"content":{"rendered":"<p>[vc_row content_placement=&#8221;middle&#8221; css_animation=&#8221;slideInRight&#8221; css=&#8221;.vc_custom_1652129520744{margin-right: 0px !important;margin-left: 0px !important;padding-bottom: 80px !important;}&#8221;][vc_column parallax=&#8221;content-moving&#8221; parallax_image=&#8221;2065&#8243; css_animation=&#8221;slideInLeft&#8221; width=&#8221;1\/2&#8243; css=&#8221;.vc_custom_1652129481839{margin-top: -60px !important;margin-right: 0px !important;padding-top: 200px !important;padding-right: 0px !important;padding-bottom: 200px !important;}&#8221;][\/vc_column][vc_column width=&#8221;1\/2&#8243; css=&#8221;.vc_custom_1565094314911{padding-top: 140px !important;padding-right: 80px !important;padding-bottom: 130px !important;padding-left: 80px !important;background-color: #ffffff !important;}&#8221;]<div id=\"ultimate-heading-695869f1f57fb8931\" class=\"uvc-heading ult-adjust-bottom-margin ultimate-heading-695869f1f57fb8931 uvc-5504  uvc-heading-default-font-sizes\" data-hspacer=\"no_spacer\"  data-halign=\"left\" style=\"text-align:left\"><div class=\"uvc-heading-spacer no_spacer\" style=\"top\"><\/div><div class=\"uvc-sub-heading ult-responsive\"  data-ultimate-target='.uvc-heading.ultimate-heading-695869f1f57fb8931 .uvc-sub-heading '  data-responsive-json-new='{\"font-size\":\"\",\"line-height\":\"\"}'  style=\"font-weight:normal;\">Podziel si\u0119 z nami swoj\u0105 opini\u0105 na temat pobytu u nas!<\/div><\/div>[\/vc_column][\/vc_row]<\/p>\n","protected":false},"excerpt":{"rendered":"<p>[vc_row content_placement=&#8221;middle&#8221; css_animation=&#8221;slideInRight&#8221; css=&#8221;.vc_custom_1652129520744{margin-right: 0px !important;margin-left: 0px !important;padding-bottom: 80px !important;}&#8221;][vc_column parallax=&#8221;content-moving&#8221; parallax_image=&#8221;2065&#8243; css_animation=&#8221;slideInLeft&#8221; width=&#8221;1\/2&#8243; css=&#8221;.vc_custom_1652129481839{margin-top: -60px !important;margin-right: 0px !important;padding-top: 200px !important;padding-right: 0px !important;padding-bottom: 200px !important;}&#8221;][\/vc_column][vc_column width=&#8221;1\/2&#8243; css=&#8221;.vc_custom_1565094314911{padding-top: 140px !important;padding-right: 80px !important;padding-bottom: 130px !important;padding-left: 80px !important;background-color: #ffffff !important;}&#8221;][\/vc_column][\/vc_row]<\/p>\n","protected":false},"author":1,"featured_media":0,"parent":0,"menu_order":0,"comment_status":"closed","ping_status":"closed","template":"","meta":{"give_campaign_id":0,"footnotes":""},"class_list":["post-2103","page","type-page","status-publish","hentry","description-off"],"campaignId":"","_links":{"self":[{"href":"http:\/\/siedliskonadbialka.pl\/index.php\/wp-json\/wp\/v2\/pages\/2103","targetHints":{"allow":["GET"]}}],"collection":[{"href":"http:\/\/siedliskonadbialka.pl\/index.php\/wp-json\/wp\/v2\/pages"}],"about":[{"href":"http:\/\/siedliskonadbialka.pl\/index.php\/wp-json\/wp\/v2\/types\/page"}],"author":[{"embeddable":true,"href":"http:\/\/siedliskonadbialka.pl\/index.php\/wp-json\/wp\/v2\/users\/1"}],"replies":[{"embeddable":true,"href":"http:\/\/siedliskonadbialka.pl\/index.php\/wp-json\/wp\/v2\/comments?post=2103"}],"version-history":[{"count":4,"href":"http:\/\/siedliskonadbialka.pl\/index.php\/wp-json\/wp\/v2\/pages\/2103\/revisions"}],"predecessor-version":[{"id":2143,"href":"http:\/\/siedliskonadbialka.pl\/index.php\/wp-json\/wp\/v2\/pages\/2103\/revisions\/2143"}],"wp:attachment":[{"href":"http:\/\/siedliskonadbialka.pl\/index.php\/wp-json\/wp\/v2\/media?parent=2103"}],"curies":[{"name":"wp","href":"https:\/\/api.w.org\/{rel}","templated":true}]}}